{"id":68,"date":"2021-11-11T10:58:00","date_gmt":"2021-11-11T09:58:00","guid":{"rendered":"http:\/\/trekandtrailbertrix.run\/?page_id=68"},"modified":"2023-08-08T23:03:31","modified_gmt":"2023-08-08T21:03:31","slug":"contact","status":"publish","type":"page","link":"https:\/\/trekandtrailbertrix.run\/index.php\/contact\/","title":{"rendered":"Contact"},"content":{"rendered":"\n<p>Trek &amp; Trail Bertrix asbl<br>Rue de la Bawette 21<br>6880 Bertrix &#8211; Belgique<\/p>\n\n\n\n<p>T\u00e9l : +32 498 63 63 49<\/p>\n\n\n\n<p>E-mail : <a rel=\"noreferrer noopener\" href=\"mailto:info@trekandtrailbertrix.run\" target=\"_blank\">info@trekandtrailbertrix.run<\/a><\/p>\n\n\n\n<hr class=\"wp-block-separator has-text-color has-background has-black-background-color has-black-color\"\/>\n\n\n\n<p class=\"has-text-align-left\"><em>Comit\u00e9 du club<\/em><\/p>\n\n\n\n<ul><li>Pierre-Yves Lejeune &#8211; Pr\u00e9sident<\/li><li>Christel Rochet &#8211; Vice-pr\u00e9sidente<\/li><li>No\u00e9mie Dehez<\/li><li>Nathalie Lamouline<\/li><li>Florence Mathelin<\/li><li>Laetitia Rausch<\/li><li>Myriam Sac<\/li><\/ul>\n","protected":false},"excerpt":{"rendered":"<p>Trek &amp; Trail Bertrix asblRue de la Bawette 216880 Bertrix &#8211; Belgique T\u00e9l : +32 498 63 63 49 E-mail : info@trekandtrailbertrix.run Comit\u00e9 du club Pierre-Yves Lejeune &#8211; Pr\u00e9sident Christel Rochet &#8211; Vice-pr\u00e9sidente No\u00e9mie Dehez Nathalie Lamouline Florence Mathelin Laetitia Rausch Myriam Sac<\/p>\n","protected":false},"author":1,"featured_media":0,"parent":0,"menu_order":0,"comment_status":"closed","ping_status":"closed","template":"","meta":[],"_links":{"self":[{"href":"https:\/\/trekandtrailbertrix.run\/index.php\/wp-json\/wp\/v2\/pages\/68"}],"collection":[{"href":"https:\/\/trekandtrailbertrix.run\/index.php\/wp-json\/wp\/v2\/pages"}],"about":[{"href":"https:\/\/trekandtrailbertrix.run\/index.php\/wp-json\/wp\/v2\/types\/page"}],"author":[{"embeddable":true,"href":"https:\/\/trekandtrailbertrix.run\/index.php\/wp-json\/wp\/v2\/users\/1"}],"replies":[{"embeddable":true,"href":"https:\/\/trekandtrailbertrix.run\/index.php\/wp-json\/wp\/v2\/comments?post=68"}],"version-history":[{"count":6,"href":"https:\/\/trekandtrailbertrix.run\/index.php\/wp-json\/wp\/v2\/pages\/68\/revisions"}],"predecessor-version":[{"id":315,"href":"https:\/\/trekandtrailbertrix.run\/index.php\/wp-json\/wp\/v2\/pages\/68\/revisions\/315"}],"wp:attachment":[{"href":"https:\/\/trekandtrailbertrix.run\/index.php\/wp-json\/wp\/v2\/media?parent=68"}],"curies":[{"name":"wp","href":"https:\/\/api.w.org\/{rel}","templated":true}]}}